{"id":1791,"date":"2025-06-13T08:01:59","date_gmt":"2025-06-13T08:01:59","guid":{"rendered":"https:\/\/extransbug.com\/warunki-korzystania\/"},"modified":"2025-06-24T11:22:35","modified_gmt":"2025-06-24T11:22:35","slug":"warunki-korzystania","status":"publish","type":"page","link":"https:\/\/extransbug.com\/pl\/warunki-korzystania\/","title":{"rendered":"Warunki korzystania"},"content":{"rendered":"\t\t<div data-elementor-type=\"wp-page\" data-elementor-id=\"1791\" class=\"elementor elementor-1791 elementor-260\" data-elementor-post-type=\"page\">\n\t\t\t\t<div class=\"elementor-element elementor-element-145949c e-flex e-con-boxed e-con e-parent\" data-id=\"145949c\" data-element_type=\"container\">\n\t\t\t\t\t<div class=\"e-con-inner\">\n\t\t\t\t<div class=\"elementor-element elementor-element-965f130 elementor-widget elementor-widget-text-editor\" data-id=\"965f130\" data-element_type=\"widget\" data-widget_type=\"text-editor.default\">\n\t\t\t\t<div class=\"elementor-widget-container\">\n\t\t\t\t\t\t\t\t\t<p>Uzyskuj\u0105c dost\u0119p do serwisu <strong>extransbug.com<\/strong> i korzystaj\u0105c z niego, akceptujesz poni\u017csze warunki. Prosimy o uwa\u017cne zapoznanie si\u0119 z nimi przed skorzystaniem z naszych us\u0142ug.<\/p><h2>1. U\u017cytkowanie strony<\/h2><p>Strona mo\u017ce by\u0107 u\u017cywana wy\u0142\u0105cznie w celach legalnych i prywatnych. Zabrania si\u0119 korzystania ze strony w spos\u00f3b oszuka\u0144czy, obra\u017aliwy lub niezgodny z prawem.<\/p><h2>2. W\u0142asno\u015b\u0107 intelektualna<\/h2><p>Wszelkie tre\u015bci (teksty, obrazy, loga) nale\u017c\u0105 do <strong>extransbug.com<\/strong> lub jego partner\u00f3w i s\u0105 chronione prawem autorskim. Kopiowanie, rozpowszechnianie lub modyfikowanie jest zabronione bez pisemnej zgody.<\/p><h2>3. Ograniczenie odpowiedzialno\u015bci<\/h2><p>Nie gwarantujemy, \u017ce strona b\u0119dzie dzia\u0142a\u0107 bez b\u0142\u0119d\u00f3w czy przerw. Nie ponosimy odpowiedzialno\u015bci za jakiekolwiek szkody wynikaj\u0105ce z korzystania ze strony.<\/p><h2>4. Zmiany warunk\u00f3w<\/h2><p>Zastrzegamy sobie prawo do zmiany niniejszych warunk\u00f3w w dowolnym momencie. Zmiany b\u0119d\u0105 publikowane na tej stronie. Dalsze korzystanie oznacza ich akceptacj\u0119.<\/p><h2>5. Kontakt<\/h2><p>W sprawie pyta\u0144 dotycz\u0105cych niniejszych warunk\u00f3w prosimy o kontakt: <strong>extransbug@gmail.com<\/strong>.<\/p>\t\t\t\t\t\t\t\t<\/div>\n\t\t\t\t<\/div>\n\t\t\t\t\t<\/div>\n\t\t\t\t<\/div>\n\t\t\t\t<\/div>\n\t\t","protected":false},"excerpt":{"rendered":"<p>Uzyskuj\u0105c dost\u0119p do serwisu extransbug.com i korzystaj\u0105c z niego, akceptujesz poni\u017csze warunki. Prosimy o uwa\u017cne zapoznanie si\u0119 z nimi przed skorzystaniem z naszych us\u0142ug. 1. U\u017cytkowanie strony Strona mo\u017ce by\u0107 u\u017cywana wy\u0142\u0105cznie w celach legalnych i prywatnych. Zabrania si\u0119 korzystania ze strony w spos\u00f3b oszuka\u0144czy, obra\u017aliwy lub niezgodny z prawem. 2. W\u0142asno\u015b\u0107 intelektualna Wszelkie tre\u015bci [&hellip;]<\/p>\n","protected":false},"author":1,"featured_media":0,"parent":0,"menu_order":0,"comment_status":"closed","ping_status":"closed","template":"","meta":{"footnotes":""},"class_list":["post-1791","page","type-page","status-publish","hentry"],"yoast_head":"<!-- This site is optimized with the Yoast SEO plugin v25.3.1 - https:\/\/yoast.com\/wordpress\/plugins\/seo\/ -->\n<title>Warunki korzystania - EX-Transbug<\/title>\n<meta name=\"robots\" content=\"index, follow, max-snippet:-1, max-image-preview:large, max-video-preview:-1\" \/>\n<link rel=\"canonical\" href=\"https:\/\/extransbug.com\/pl\/warunki-korzystania\/\" \/>\n<meta property=\"og:locale\" content=\"pl_PL\" \/>\n<meta property=\"og:type\" content=\"article\" \/>\n<meta property=\"og:title\" content=\"Warunki korzystania - EX-Transbug\" \/>\n<meta property=\"og:description\" content=\"Uzyskuj\u0105c dost\u0119p do serwisu extransbug.com i korzystaj\u0105c z niego, akceptujesz poni\u017csze warunki. Prosimy o uwa\u017cne zapoznanie si\u0119 z nimi przed skorzystaniem z naszych us\u0142ug. 1. U\u017cytkowanie strony Strona mo\u017ce by\u0107 u\u017cywana wy\u0142\u0105cznie w celach legalnych i prywatnych. Zabrania si\u0119 korzystania ze strony w spos\u00f3b oszuka\u0144czy, obra\u017aliwy lub niezgodny z prawem. 2. W\u0142asno\u015b\u0107 intelektualna Wszelkie tre\u015bci [&hellip;]\" \/>\n<meta property=\"og:url\" content=\"https:\/\/extransbug.com\/pl\/warunki-korzystania\/\" \/>\n<meta property=\"og:site_name\" content=\"EX-Transbug\" \/>\n<meta property=\"article:modified_time\" content=\"2025-06-24T11:22:35+00:00\" \/>\n<meta name=\"twitter:card\" content=\"summary_large_image\" \/>\n<meta name=\"twitter:label1\" content=\"Szacowany czas czytania\" \/>\n\t<meta name=\"twitter:data1\" content=\"1 minuta\" \/>\n<script type=\"application\/ld+json\" class=\"yoast-schema-graph\">{\"@context\":\"https:\/\/schema.org\",\"@graph\":[{\"@type\":\"WebPage\",\"@id\":\"https:\/\/extransbug.com\/pl\/warunki-korzystania\/\",\"url\":\"https:\/\/extransbug.com\/pl\/warunki-korzystania\/\",\"name\":\"Warunki korzystania - EX-Transbug\",\"isPartOf\":{\"@id\":\"https:\/\/extransbug.com\/pl\/#website\"},\"datePublished\":\"2025-06-13T08:01:59+00:00\",\"dateModified\":\"2025-06-24T11:22:35+00:00\",\"breadcrumb\":{\"@id\":\"https:\/\/extransbug.com\/pl\/warunki-korzystania\/#breadcrumb\"},\"inLanguage\":\"pl-PL\",\"potentialAction\":[{\"@type\":\"ReadAction\",\"target\":[\"https:\/\/extransbug.com\/pl\/warunki-korzystania\/\"]}]},{\"@type\":\"BreadcrumbList\",\"@id\":\"https:\/\/extransbug.com\/pl\/warunki-korzystania\/#breadcrumb\",\"itemListElement\":[{\"@type\":\"ListItem\",\"position\":1,\"name\":\"Home\",\"item\":\"https:\/\/extransbug.com\/pl\/\"},{\"@type\":\"ListItem\",\"position\":2,\"name\":\"Warunki korzystania\"}]},{\"@type\":\"WebSite\",\"@id\":\"https:\/\/extransbug.com\/pl\/#website\",\"url\":\"https:\/\/extransbug.com\/pl\/\",\"name\":\"EX-Transbug\",\"description\":\"\",\"publisher\":{\"@id\":\"https:\/\/extransbug.com\/pl\/#organization\"},\"potentialAction\":[{\"@type\":\"SearchAction\",\"target\":{\"@type\":\"EntryPoint\",\"urlTemplate\":\"https:\/\/extransbug.com\/pl\/?s={search_term_string}\"},\"query-input\":{\"@type\":\"PropertyValueSpecification\",\"valueRequired\":true,\"valueName\":\"search_term_string\"}}],\"inLanguage\":\"pl-PL\"},{\"@type\":\"Organization\",\"@id\":\"https:\/\/extransbug.com\/pl\/#organization\",\"name\":\"EX-Transbug\",\"url\":\"https:\/\/extransbug.com\/pl\/\",\"logo\":{\"@type\":\"ImageObject\",\"inLanguage\":\"pl-PL\",\"@id\":\"https:\/\/extransbug.com\/pl\/#\/schema\/logo\/image\/\",\"url\":\"https:\/\/extransbug.com\/wp-content\/uploads\/2025\/06\/extransbug.svg\",\"contentUrl\":\"https:\/\/extransbug.com\/wp-content\/uploads\/2025\/06\/extransbug.svg\",\"width\":238,\"height\":76,\"caption\":\"EX-Transbug\"},\"image\":{\"@id\":\"https:\/\/extransbug.com\/pl\/#\/schema\/logo\/image\/\"}}]}<\/script>\n<!-- \/ Yoast SEO plugin. -->","yoast_head_json":{"title":"Warunki korzystania - EX-Transbug","robots":{"index":"index","follow":"follow","max-snippet":"max-snippet:-1","max-image-preview":"max-image-preview:large","max-video-preview":"max-video-preview:-1"},"canonical":"https:\/\/extransbug.com\/pl\/warunki-korzystania\/","og_locale":"pl_PL","og_type":"article","og_title":"Warunki korzystania - EX-Transbug","og_description":"Uzyskuj\u0105c dost\u0119p do serwisu extransbug.com i korzystaj\u0105c z niego, akceptujesz poni\u017csze warunki. Prosimy o uwa\u017cne zapoznanie si\u0119 z nimi przed skorzystaniem z naszych us\u0142ug. 1. U\u017cytkowanie strony Strona mo\u017ce by\u0107 u\u017cywana wy\u0142\u0105cznie w celach legalnych i prywatnych. Zabrania si\u0119 korzystania ze strony w spos\u00f3b oszuka\u0144czy, obra\u017aliwy lub niezgodny z prawem. 2. W\u0142asno\u015b\u0107 intelektualna Wszelkie tre\u015bci [&hellip;]","og_url":"https:\/\/extransbug.com\/pl\/warunki-korzystania\/","og_site_name":"EX-Transbug","article_modified_time":"2025-06-24T11:22:35+00:00","twitter_card":"summary_large_image","twitter_misc":{"Szacowany czas czytania":"1 minuta"},"schema":{"@context":"https:\/\/schema.org","@graph":[{"@type":"WebPage","@id":"https:\/\/extransbug.com\/pl\/warunki-korzystania\/","url":"https:\/\/extransbug.com\/pl\/warunki-korzystania\/","name":"Warunki korzystania - EX-Transbug","isPartOf":{"@id":"https:\/\/extransbug.com\/pl\/#website"},"datePublished":"2025-06-13T08:01:59+00:00","dateModified":"2025-06-24T11:22:35+00:00","breadcrumb":{"@id":"https:\/\/extransbug.com\/pl\/warunki-korzystania\/#breadcrumb"},"inLanguage":"pl-PL","potentialAction":[{"@type":"ReadAction","target":["https:\/\/extransbug.com\/pl\/warunki-korzystania\/"]}]},{"@type":"BreadcrumbList","@id":"https:\/\/extransbug.com\/pl\/warunki-korzystania\/#breadcrumb","itemListElement":[{"@type":"ListItem","position":1,"name":"Home","item":"https:\/\/extransbug.com\/pl\/"},{"@type":"ListItem","position":2,"name":"Warunki korzystania"}]},{"@type":"WebSite","@id":"https:\/\/extransbug.com\/pl\/#website","url":"https:\/\/extransbug.com\/pl\/","name":"EX-Transbug","description":"","publisher":{"@id":"https:\/\/extransbug.com\/pl\/#organization"},"potentialAction":[{"@type":"SearchAction","target":{"@type":"EntryPoint","urlTemplate":"https:\/\/extransbug.com\/pl\/?s={search_term_string}"},"query-input":{"@type":"PropertyValueSpecification","valueRequired":true,"valueName":"search_term_string"}}],"inLanguage":"pl-PL"},{"@type":"Organization","@id":"https:\/\/extransbug.com\/pl\/#organization","name":"EX-Transbug","url":"https:\/\/extransbug.com\/pl\/","logo":{"@type":"ImageObject","inLanguage":"pl-PL","@id":"https:\/\/extransbug.com\/pl\/#\/schema\/logo\/image\/","url":"https:\/\/extransbug.com\/wp-content\/uploads\/2025\/06\/extransbug.svg","contentUrl":"https:\/\/extransbug.com\/wp-content\/uploads\/2025\/06\/extransbug.svg","width":238,"height":76,"caption":"EX-Transbug"},"image":{"@id":"https:\/\/extransbug.com\/pl\/#\/schema\/logo\/image\/"}}]}},"_links":{"self":[{"href":"https:\/\/extransbug.com\/pl\/wp-json\/wp\/v2\/pages\/1791","targetHints":{"allow":["GET"]}}],"collection":[{"href":"https:\/\/extransbug.com\/pl\/wp-json\/wp\/v2\/pages"}],"about":[{"href":"https:\/\/extransbug.com\/pl\/wp-json\/wp\/v2\/types\/page"}],"author":[{"embeddable":true,"href":"https:\/\/extransbug.com\/pl\/wp-json\/wp\/v2\/users\/1"}],"replies":[{"embeddable":true,"href":"https:\/\/extransbug.com\/pl\/wp-json\/wp\/v2\/comments?post=1791"}],"version-history":[{"count":2,"href":"https:\/\/extransbug.com\/pl\/wp-json\/wp\/v2\/pages\/1791\/revisions"}],"predecessor-version":[{"id":2124,"href":"https:\/\/extransbug.com\/pl\/wp-json\/wp\/v2\/pages\/1791\/revisions\/2124"}],"wp:attachment":[{"href":"https:\/\/extransbug.com\/pl\/wp-json\/wp\/v2\/media?parent=1791"}],"curies":[{"name":"wp","href":"https:\/\/api.w.org\/{rel}","templated":true}]}}